{"id":167,"date":"2017-11-08T13:39:14","date_gmt":"2017-11-08T13:39:14","guid":{"rendered":"http:\/\/christabisenius.de\/?page_id=167"},"modified":"2017-11-08T13:39:14","modified_gmt":"2017-11-08T13:39:14","slug":"impressum","status":"publish","type":"page","link":"http:\/\/christabisenius.de\/?page_id=167","title":{"rendered":"Impressum"},"content":{"rendered":"<p>IMPRESSUM<\/p>\n<p>Inhaber und inhaltlich verantwortlich:<br \/>\nChrista Bisenius<br \/>\nCheruskerweg 31 | 65187 Wiesbaden<\/p>\n<p>Telefon: 01 75 &#8211; 20 90 9 44<br \/>\nE-Mail: art(at)christabisenius.de<\/p>\n<p>INHALT<br \/>\nWir \u00fcbernehmen keinerlei Gew\u00e4hr f\u00fcr die Aktualit\u00e4t, Korrektheit, Vollst\u00e4ndigkeit oder Qualit\u00e4t der bereitgestellten Informationen. Haftungsanspr\u00fcche gegen uns, welche sich auf Sch\u00e4den materieller oder ideeller Art beziehen, die durch die Nutzung oder Nichtnutzung der dargebotenen Informationen bzw. durch die Nutzung fehlerhafter und unvollst\u00e4ndiger Informationen verursacht wurden, sind grunds\u00e4tzlich ausgeschlossen, sofern uns kein nachweislich vors\u00e4tzliches oder grob fahrl\u00e4ssiges Verschulden vorliegt. Alle Angebote sind freibleibend und unverbindlich. Wir behalten es uns ausdr\u00fccklich vor, Teile der Seiten oder das gesamte Angebot ohne Ank\u00fcndigung zu ver\u00e4ndern oder einzustellen.<\/p>\n<p>VERWEISE<br \/>\nBei direkten oder indirekten Verweisen auf fremde Internetseiten (\u201eLinks\u201c), die au\u00dferhalb unseres Verantwortungsbereiches liegen, w\u00fcrde eine Haftungsverpflichtung ausschlie\u00dflich in dem Fall in Kraft treten, in dem wir von den Inhalten Kenntnis haben und es uns technisch m\u00f6glich und zumutbar w\u00e4re, die Nutzung im Falle rechtswidriger Inhalte zu verhindern. Wir erkl\u00e4ren daher ausdr\u00fccklich, dass zum Zeitpunkt der Linksetzung die entsprechenden verlinkten Seiten frei von illegalen Inhalten waren. Wir haben keinerlei Einfluss auf die aktuelle und zuk\u00fcnftige Gestaltung und auf die Inhalte der gelinkten \/ verkn\u00fcpften Seiten. Deshalb distanzieren wir uns hiermit ausdr\u00fccklich von allen Inhalten aller gelinkten \/ verkn\u00fcpften Seiten, die nach der Linksetzung ver\u00e4ndert wurden. F\u00fcr illegale, fehlerhafte oder unvollst\u00e4ndige Inhalte und insbesondere f\u00fcr Sch\u00e4den, die aus der Nutzung oder Nichtnutzung solcherart dargebotener Informationen entstehen, haftet allein der Anbieter der Seite, auf welche verwiesen wurde.<\/p>\n<p>RECHTSWIRKSAMKEIT<br \/>\nDieser Haftungsausschluss ist Teil des Internetangebotes. Sofern Teile oder Formulierungen dieses Textes der geltenden Rechtslage nicht, nicht mehr oder nicht vollst\u00e4ndig entsprechen, bleiben die \u00fcbrigen Teile des Dokumentes in ihrem Inhalt und ihrer G\u00fcltigkeit davon unber\u00fchrt.<\/p>\n","protected":false},"excerpt":{"rendered":"<p>IMPRESSUM Inhaber und inhaltlich verantwortlich: Christa Bisenius Cheruskerweg 31 | 65187 Wiesbaden Telefon: 01 75 &#8211; 20 90 9 44 E-Mail: art(at)christabisenius.de INHALT Wir \u00fcbernehmen keinerlei Gew\u00e4hr f\u00fcr&#8230;<\/p>\n","protected":false},"author":1,"featured_media":0,"parent":0,"menu_order":0,"comment_status":"closed","ping_status":"closed","template":"","meta":{"advanced_seo_description":"","jetpack_seo_html_title":"","jetpack_seo_noindex":false,"jetpack_post_was_ever_published":false,"footnotes":""},"jetpack_sharing_enabled":false,"jetpack_shortlink":"https:\/\/wp.me\/P9lXxz-2H","jetpack_likes_enabled":true,"jetpack-related-posts":[{"id":259,"url":"http:\/\/christabisenius.de\/?page_id=259","url_meta":{"origin":167,"position":0},"title":"Datenschutzerkl\u00e4rung","author":"paperworks","date":"Dezember 6, 2023","format":false,"excerpt":"Verantwortlicher f\u00fcr die Datenverarbeitung ist:Christa BiseniusCheruskerweg 3165187 Wiesbadenart(at)christabisenius Wir freuen uns \u00fcber Ihr Interesse an unserem Online-Shop. Der Schutz Ihrer Privatsph\u00e4re ist f\u00fcr uns sehr wichtig. Nachstehend informieren wir Sie ausf\u00fchrlich \u00fcber den Umgang mit Ihren Daten. 1.\u00a0Zugriffsdaten und Hosting Sie k\u00f6nnen unsere Webseiten besuchen, ohne Angaben zu Ihrer Person\u2026","rel":"","context":"\u00c4hnlicher Beitrag","block_context":{"text":"\u00c4hnlicher Beitrag","link":""},"img":{"alt_text":"","src":"","width":0,"height":0},"classes":[]},{"id":123,"url":"http:\/\/christabisenius.de\/?page_id=123","url_meta":{"origin":167,"position":1},"title":"Christa Bisenius","author":"paperworks","date":"November 7, 2017","format":false,"excerpt":"Christa Bisenius studierte Soziologie, P\u00e4dagogik, Bildende Kunst und Kunstgeschichte an der Johann-Wolfgang-Goethe Universit\u00e4t in Frankfurt und der Johann-Gutenberg Universit\u00e4t in Mainz, wo sie ihre Studien mit dem Staatsexamen abschloss. Neben Ihrer T\u00e4tigkeit als wissenschaftliche Mitarbeiterin in verschiedenen Forschungs- und Entwicklungsprojekten (Stadtentwicklung, Urban Design, Gestaltungsgrundlagen in den Medien) folgte sie ihren\u2026","rel":"","context":"\u00c4hnlicher Beitrag","block_context":{"text":"\u00c4hnlicher Beitrag","link":""},"img":{"alt_text":"","src":"https:\/\/i0.wp.com\/christabisenius.de\/wp-content\/uploads\/2017\/11\/229164_208659145834059_497533_n-Kopie.jpg?fit=720%2C540&resize=350%2C200","width":350,"height":200,"srcset":"https:\/\/i0.wp.com\/christabisenius.de\/wp-content\/uploads\/2017\/11\/229164_208659145834059_497533_n-Kopie.jpg?fit=720%2C540&resize=350%2C200 1x, https:\/\/i0.wp.com\/christabisenius.de\/wp-content\/uploads\/2017\/11\/229164_208659145834059_497533_n-Kopie.jpg?fit=720%2C540&resize=525%2C300 1.5x, https:\/\/i0.wp.com\/christabisenius.de\/wp-content\/uploads\/2017\/11\/229164_208659145834059_497533_n-Kopie.jpg?fit=720%2C540&resize=700%2C400 2x"},"classes":[]}],"_links":{"self":[{"href":"http:\/\/christabisenius.de\/index.php?rest_route=\/wp\/v2\/pages\/167"}],"collection":[{"href":"http:\/\/christabisenius.de\/index.php?rest_route=\/wp\/v2\/pages"}],"about":[{"href":"http:\/\/christabisenius.de\/index.php?rest_route=\/wp\/v2\/types\/page"}],"author":[{"embeddable":true,"href":"http:\/\/christabisenius.de\/index.php?rest_route=\/wp\/v2\/users\/1"}],"replies":[{"embeddable":true,"href":"http:\/\/christabisenius.de\/index.php?rest_route=%2Fwp%2Fv2%2Fcomments&post=167"}],"version-history":[{"count":1,"href":"http:\/\/christabisenius.de\/index.php?rest_route=\/wp\/v2\/pages\/167\/revisions"}],"predecessor-version":[{"id":169,"href":"http:\/\/christabisenius.de\/index.php?rest_route=\/wp\/v2\/pages\/167\/revisions\/169"}],"wp:attachment":[{"href":"http:\/\/christabisenius.de\/index.php?rest_route=%2Fwp%2Fv2%2Fmedia&parent=167"}],"curies":[{"name":"wp","href":"https:\/\/api.w.org\/{rel}","templated":true}]}}